{"id":2,"date":"2016-02-03T04:08:41","date_gmt":"2016-02-03T04:08:41","guid":{"rendered":"http:\/\/wp442m.a10-52-158-154.qa.plesk.ru\/wordpress\/?page_id=2"},"modified":"2022-11-07T20:50:24","modified_gmt":"2022-11-07T19:50:24","slug":"sample-page","status":"publish","type":"page","link":"https:\/\/doertita.achterliek.de\/?page_id=2","title":{"rendered":"2015 \/ 2016"},"content":{"rendered":"<p>&nbsp;<\/p>\n<p class=\"Standard\"><span lang=\"DE\" style=\"font-family: 'times new roman', times; font-size: medium;\">Liebe Segelfreunde<\/span><\/p>\n<p class=\"Standard\"><span style=\"font-family: 'times new roman', times; font-size: medium;\"><span lang=\"DE\">Die Saison 2014\/2015 von Trinidat nach Panama ist erfolgreich und ohne gro\u00dfe Sch\u00e4den verlaufen,&nbsp;<\/span>und die D\u00f6rtita steht in Panama in der Shelter Bay Marina sicher an Land. Die Weiterreise durch den Panama Kanal und in die S\u00fcdsee kann also stattfinden. Der euch schon bekannte T\u00f6rnplan hat sich nur in einigen Details ge\u00e4ndert. Es haben sich schon etliche Mitsegler angemeldet, aber es gibt noch gen\u00fcgend freie Pl\u00e4tze.<\/span><\/p>\n<p class=\"Standard\"><span style=\"font-family: 'times new roman', times; font-size: medium;\">Hier nun die neueste Version.<\/span><\/p>\n<p><span style=\"font-family: 'times new roman', times; font-size: medium;\"><strong>T\u00f6rnplan f\u00fcr 2015\/2016<\/strong><\/span><\/p>\n<table border=\"1\">\n<tbody>\n<tr>\n<td>T\u00f6rn<\/td>\n<td>von &#8211; bis<\/td>\n<td>Dauer<\/td>\n<td>Sm<\/td>\n<td>Ab &#8211; \u00fcber &#8211; Bis<\/td>\n<td>Freie Kabinen<\/td>\n<\/tr>\n<tr>\n<td>01\/02<\/td>\n<td>Sa. 09.01.16 bis 13.02.16<\/td>\n<td>2 &#8211; 5 Wo.<\/td>\n<td>ca. 300<\/td>\n<td><span lang=\"DE\">Shelter Bay Marina- San Blas Inseln&nbsp;<\/span><\/p>\n<p>Panama Kanal &#8211;&nbsp; Islas Perlas \u2013 Panama City<\/p>\n<p><span lang=\"DE\">Die Dauer ist frei w\u00e4hlbar. Hier soll zun\u00e4chst die D\u00f6rtita seeklar gemacht werden. Wer mir <\/span>dabei hilft braucht nur seinen Flug und ist sonst frei von weiteren Kosten.<\/td>\n<td>&#8212;<\/td>\n<\/tr>\n<tr>\n<td>03<\/td>\n<td>Sa.13.02.16 bis 09.04.16<\/td>\n<td>8 Wo.<\/td>\n<td>ca.4000<\/td>\n<td>Panama \u2013 Galapagos \u2013 Marquesas<\/p>\n<p><span lang=\"DE\">Dies ist der l\u00e4ngste T\u00f6rn. Nach kurzem Stop auf einer Galapagosinsel folgt der lange Schlag&nbsp;<\/span>nach Hiva Oa \/ Marquesas \/ Franz\u00f6sich Polynesien.<\/p>\n<p>Hinflug: Panama City , R\u00fcckflug: Hiva Oa \u2013 Papeete<\/p>\n<p>&nbsp;<\/td>\n<td>1<\/td>\n<\/tr>\n<tr>\n<td>04<\/td>\n<td>Sa.09.04.16 bis 30.04.16<\/td>\n<td>3 Wo.<\/td>\n<td>ca. 200<\/td>\n<td>Hiva Oa \u2013 Fatu Hiva \u2013 Tahuata \u2013 Ua Pou &#8211; Nuku Hiva<\/p>\n<p>Auf diesem T\u00f6rn werden die meisten Inseln der Marquesas besucht.<\/p>\n<p>Hinflug: Papeete \u2013 Hiva Oa,&nbsp;R\u00fcckflug; Nuku Hiva \u2013 Papeete<\/td>\n<td>2<\/td>\n<\/tr>\n<tr>\n<td>05<\/td>\n<td>Sa.30.04.16 bis 11.06.16<\/td>\n<td>6 Wo.<\/td>\n<td>ca. 800<\/td>\n<td><span lang=\"DE\">Nuku Hiva \u2013 Ua Huka \u2013 Toamotus &#8211; Papeete<\/span><\/p>\n<p><span lang=\"DE\">Nach den n\u00f6rdlichen Marquesas Inseln besuchen wir 2 bis 3 Atolle der Toamotus bevor wir&nbsp;<\/span>Papeete auf Tahiti,die Hauptstadt franz\u00f6sich Polynesiens erreichen.<\/p>\n<p>Hinflug: \u00fcber Papeete nach Nuku Hiva, R\u00fcckflug: von Papeete<\/td>\n<td>1<\/td>\n<\/tr>\n<tr>\n<td>06<\/td>\n<td>Sa.11.06.16 bis 02.07.16<\/td>\n<td>3 Wo.<\/td>\n<td>150<\/td>\n<td><span lang=\"DE\">Tahiti und Moorea<\/span><\/p>\n<p><span lang=\"DE\">Hier wollen wir in Ruhe die beiden Inseln Tahiti und Moorea kennenlernen.<\/span><\/p>\n<p>Hin und R\u00fcckflug: Papeete<\/td>\n<td>2<\/td>\n<\/tr>\n<tr>\n<td>07<\/td>\n<td>Sa. 02.07.16 bis 23.07.16<\/td>\n<td>3 Wo.<\/td>\n<td>ca. 300<\/td>\n<td><span lang=\"DE\">Tahiti \u2013 Hahine \u2013 Raiatea \u2013 Tahaa \u2013 Bora Bora<\/span><\/p>\n<p><span lang=\"DE\">Nach Tahiti besuchen wir die n\u00f6rdlichen Gesellschaftsinseln<\/span><\/p>\n<p>Hinflug: Papeete,&nbsp; R\u00fcckflug: Bora Bora \u00fcber Papeete<\/td>\n<td>&#8212;<\/td>\n<\/tr>\n<tr>\n<td>08<\/td>\n<td>Sa. 23.07.16 bis 13.08.16<\/td>\n<td>3 Wo.<\/td>\n<td>ca. 200<\/td>\n<td><span lang=\"DE\">Bora Bora&nbsp; &#8211; Tahaa -Raiatea \u2013 Huahine \u2013 Bora Bora<\/span><\/p>\n<p><span lang=\"DE\">Noch einmal die n\u00f6rdlichen Gesellschaftsinseln<\/span><\/p>\n<p>Hin \u2013 und R\u00fcckflug: Bora Bora oder \u00fcber Papeete<\/td>\n<td>&#8212;<\/td>\n<\/tr>\n<tr>\n<td>09<\/td>\n<td>Sa. 13.08.16 bis 17.09.16<\/td>\n<td>5 Wo.<\/td>\n<td>ca. 1200<\/td>\n<td>Bora Bora\u2013Cook(Aitutaki\u2013Rarotonga)- Niue-Tonga<\/p>\n<p><span lang=\"DE\">Wir besuchen auf diesem T\u00f6rn einige der sch\u00f6nsten Inseln und Atolle der S\u00fcdsee&nbsp;<\/span>bis die Reise in Tongatapu, der Hauptstadt von Tonga endet.<\/p>\n<p>Hinflug: nach Bora Bora, R\u00fcckflug: von Tongatapu<\/td>\n<td>1<\/td>\n<\/tr>\n<tr>\n<td>10<\/td>\n<td>Sa. 17.09.16 bis 15.10.16<\/td>\n<td>4 Wo.<\/td>\n<td>ca. 500<\/td>\n<td>Tonga \u2013 Fidschi<\/p>\n<p><span lang=\"DE\">Es geht durch die Inselwelt des Tonga Archipels bis nach Suva auf Viti Levu<\/span><\/p>\n<p>Hinflug: nach Tongatapu, R\u00fcckflug: von Suva\/Fiji<\/td>\n<td>1<\/td>\n<\/tr>\n<tr>\n<td>11<\/td>\n<td>Sa. 15.10.16 bis 19.11.16<\/td>\n<td>5 Wo.<\/td>\n<td>ca. 1100<\/td>\n<td>Fidschi \u2013 Neuseeland<\/p>\n<p><span lang=\"DE\">Nach ausgiebigem Besuch des Fiji Archipels kommt der Schlag nach Neuseeland&nbsp;<\/span>wo die Reise in Opua in der Bay of Islands enden soll.<\/td>\n<td>1<\/td>\n<\/tr>\n<\/tbody>\n<\/table>\n<p class=\"Standard\"><span lang=\"DE\" style=\"font-family: 'times new roman', times; font-size: medium;\">Die Zeiten k\u00f6nnen sich noch wegen der Flugverbindungen etwas \u00e4ndern. Auch k\u00f6nnen wie immer&nbsp; nach Verf\u00fcgbarkeit T\u00f6rns zusammengelegt oder getrennt werden. Auch Individuelles an Bord kommen und gehen ist m\u00f6glich. Einzelpersonen sollen immer eine Kabine f\u00fcr sich haben, darum habe ich diesmal nicht freie Pl\u00e4tze sondern freie Kabinen angegeben.&nbsp;<\/span><\/p>\n<p class=\"Standard\"><span style=\"font-family: 'times new roman', times; font-size: medium;\"><span lang=\"DE\">Die D\u00f6rtita soll dann bis April, w\u00e4hrend der Taifunsaison, in Opua liegen bleiben. Auf Wunsch kann ich in dieser Zeit auch noch einen T\u00f6rn bis Aukland machen. Sonst werde ich die Zeit wieder in der Heimat verbringen bevor es im Mai auf die lange Reise <\/span>&nbsp;\u00fcber Neukaledonien \u2013 Neuguinea \u2013 die Torresstrasse \u2013 Bali \u2013 Christmas Island \u2013 Mauritius \u2013 S\u00fcdafrika \u2013 Brasilien und Tobago zur\u00fcck nach Trinidad&nbsp;zur\u00fcck geht.<\/span><\/p>\n<p><span style=\"font-family: 'times new roman', times; font-size: medium;\">Viele Gr\u00fc\u00dfe Heiner<\/span><\/p>\n","protected":false},"excerpt":{"rendered":"<p>&nbsp; Liebe Segelfreunde Die Saison 2014\/2015 von Trinidat nach Panama ist erfolgreich und ohne gro\u00dfe Sch\u00e4den verlaufen,&nbsp;und die D\u00f6rtita steht in Panama in der Shelter Bay Marina sicher an Land&#8230;. <a href=\"https:\/\/doertita.achterliek.de\/?page_id=2\">Read more &raquo;<\/a><\/p>\n","protected":false},"author":1,"featured_media":0,"parent":0,"menu_order":0,"comment_status":"closed","ping_status":"open","template":"","meta":{"footnotes":""},"_links":{"self":[{"href":"https:\/\/doertita.achterliek.de\/index.php?rest_route=\/wp\/v2\/pages\/2"}],"collection":[{"href":"https:\/\/doertita.achterliek.de\/index.php?rest_route=\/wp\/v2\/pages"}],"about":[{"href":"https:\/\/doertita.achterliek.de\/index.php?rest_route=\/wp\/v2\/types\/page"}],"author":[{"embeddable":true,"href":"https:\/\/doertita.achterliek.de\/index.php?rest_route=\/wp\/v2\/users\/1"}],"replies":[{"embeddable":true,"href":"https:\/\/doertita.achterliek.de\/index.php?rest_route=%2Fwp%2Fv2%2Fcomments&post=2"}],"version-history":[{"count":6,"href":"https:\/\/doertita.achterliek.de\/index.php?rest_route=\/wp\/v2\/pages\/2\/revisions"}],"predecessor-version":[{"id":937,"href":"https:\/\/doertita.achterliek.de\/index.php?rest_route=\/wp\/v2\/pages\/2\/revisions\/937"}],"wp:attachment":[{"href":"https:\/\/doertita.achterliek.de\/index.php?rest_route=%2Fwp%2Fv2%2Fmedia&parent=2"}],"curies":[{"name":"wp","href":"https:\/\/api.w.org\/{rel}","templated":true}]}}