{"id":44,"date":"2016-02-27T00:45:35","date_gmt":"2016-02-26T23:45:35","guid":{"rendered":"http:\/\/doertita.achterliek.de\/?page_id=44"},"modified":"2022-11-07T20:48:55","modified_gmt":"2022-11-07T19:48:55","slug":"das-schiff","status":"publish","type":"page","link":"https:\/\/doertita.achterliek.de\/?page_id=44","title":{"rendered":"Das Schiff"},"content":{"rendered":"<p><span style=\"font-size: small;\"><span style=\"font-family: arial,helvetica,sans-serif;\">Die Segelyacht D\u00f6rtita ist eine 1995 als Einzelbau in Danzig gebaute Sloop.<\/span><\/span><br \/>\n<strong>Bootsdaten:<\/strong><\/p>\n<table class=\"mceItemTable\" style=\"width: 306px; height: 121px;\" border=\"0\">\n<tbody>\n<tr>\n<td>L\u00dcA<\/td>\n<td>11,95m<\/td>\n<\/tr>\n<tr>\n<td>B\u00dcA<\/td>\n<td>3,40m<\/td>\n<\/tr>\n<tr>\n<td>Tiefgang<\/td>\n<td>1,75m<\/td>\n<\/tr>\n<tr>\n<td>Verdr\u00e4ngung<\/td>\n<td>8t<\/td>\n<\/tr>\n<tr>\n<td>Segelfl\u00e4che am Wind<\/td>\n<td>ca. 90qm<\/td>\n<\/tr>\n<tr>\n<td>Motor<\/td>\n<td>Volvo Penta 50PS<\/td>\n<\/tr>\n<tr>\n<td>Wasser<\/td>\n<td>500l + Wassermacher<\/td>\n<\/tr>\n<tr>\n<td>Diesel<\/td>\n<td>380l<\/td>\n<\/tr>\n<\/tbody>\n<\/table>\n<p><img loading=\"lazy\" decoding=\"async\" class=\"size-medium wp-image-9\" src=\"http:\/\/doertita.achterliek.de\/wp-content\/uploads\/2016\/02\/Doertita8-300x225.jpg\" alt=\"\" width=\"300\" height=\"225\" srcset=\"https:\/\/doertita.achterliek.de\/wp-content\/uploads\/2016\/02\/Doertita8-300x225.jpg 300w, https:\/\/doertita.achterliek.de\/wp-content\/uploads\/2016\/02\/Doertita8.jpg 640w\" sizes=\"(max-width: 300px) 100vw, 300px\" \/><\/p>\n<p>Weitere Impressionen:<\/p>\n<p><img loading=\"lazy\" decoding=\"async\" class=\"size-medium wp-image-133\" src=\"http:\/\/doertita.achterliek.de\/wp-content\/uploads\/2016\/02\/Doertita5-300x225.jpg\" alt=\"\" width=\"300\" height=\"225\" srcset=\"https:\/\/doertita.achterliek.de\/wp-content\/uploads\/2016\/02\/Doertita5-300x225.jpg 300w, https:\/\/doertita.achterliek.de\/wp-content\/uploads\/2016\/02\/Doertita5-624x468.jpg 624w, https:\/\/doertita.achterliek.de\/wp-content\/uploads\/2016\/02\/Doertita5-240x180.jpg 240w, https:\/\/doertita.achterliek.de\/wp-content\/uploads\/2016\/02\/Doertita5.jpg 640w\" sizes=\"(max-width: 300px) 100vw, 300px\" \/><\/p>\n<p><img loading=\"lazy\" decoding=\"async\" class=\"size-medium wp-image-132\" src=\"http:\/\/doertita.achterliek.de\/wp-content\/uploads\/2016\/02\/Doertita3-300x225.jpg\" alt=\"\" width=\"300\" height=\"225\" srcset=\"https:\/\/doertita.achterliek.de\/wp-content\/uploads\/2016\/02\/Doertita3-300x225.jpg 300w, https:\/\/doertita.achterliek.de\/wp-content\/uploads\/2016\/02\/Doertita3-624x468.jpg 624w, https:\/\/doertita.achterliek.de\/wp-content\/uploads\/2016\/02\/Doertita3-240x180.jpg 240w, https:\/\/doertita.achterliek.de\/wp-content\/uploads\/2016\/02\/Doertita3.jpg 640w\" sizes=\"(max-width: 300px) 100vw, 300px\" \/><\/p>\n<p><img loading=\"lazy\" decoding=\"async\" class=\"size-medium wp-image-131\" src=\"http:\/\/doertita.achterliek.de\/wp-content\/uploads\/2016\/02\/Doertita2-300x225.jpg\" alt=\"\" width=\"300\" height=\"225\" srcset=\"https:\/\/doertita.achterliek.de\/wp-content\/uploads\/2016\/02\/Doertita2-300x225.jpg 300w, https:\/\/doertita.achterliek.de\/wp-content\/uploads\/2016\/02\/Doertita2-624x468.jpg 624w, https:\/\/doertita.achterliek.de\/wp-content\/uploads\/2016\/02\/Doertita2-240x180.jpg 240w, https:\/\/doertita.achterliek.de\/wp-content\/uploads\/2016\/02\/Doertita2.jpg 640w\" sizes=\"(max-width: 300px) 100vw, 300px\" \/><\/p>\n<p><img loading=\"lazy\" decoding=\"async\" class=\"size-medium wp-image-132\" src=\"http:\/\/doertita.achterliek.de\/wp-content\/uploads\/2016\/02\/Doertita3-300x225.jpg\" alt=\"\" width=\"300\" height=\"225\" srcset=\"https:\/\/doertita.achterliek.de\/wp-content\/uploads\/2016\/02\/Doertita3-300x225.jpg 300w, https:\/\/doertita.achterliek.de\/wp-content\/uploads\/2016\/02\/Doertita3-624x468.jpg 624w, https:\/\/doertita.achterliek.de\/wp-content\/uploads\/2016\/02\/Doertita3-240x180.jpg 240w, https:\/\/doertita.achterliek.de\/wp-content\/uploads\/2016\/02\/Doertita3.jpg 640w\" sizes=\"(max-width: 300px) 100vw, 300px\" \/><\/p>\n<p><img loading=\"lazy\" decoding=\"async\" class=\"size-medium wp-image-130\" src=\"http:\/\/doertita.achterliek.de\/wp-content\/uploads\/2016\/02\/Doertita1-225x300.jpg\" alt=\"\" width=\"225\" height=\"300\" srcset=\"https:\/\/doertita.achterliek.de\/wp-content\/uploads\/2016\/02\/Doertita1-225x300.jpg 225w, https:\/\/doertita.achterliek.de\/wp-content\/uploads\/2016\/02\/Doertita1.jpg 360w\" sizes=\"(max-width: 225px) 100vw, 225px\" \/><\/p>\n","protected":false},"excerpt":{"rendered":"<p>Die Segelyacht D\u00f6rtita ist eine 1995 als Einzelbau in Danzig gebaute Sloop. Bootsdaten: L\u00dcA 11,95m B\u00dcA 3,40m Tiefgang 1,75m Verdr\u00e4ngung 8t Segelfl\u00e4che am Wind ca. 90qm Motor Volvo Penta 50PS&#8230; <a href=\"https:\/\/doertita.achterliek.de\/?page_id=44\">Read more &raquo;<\/a><\/p>\n","protected":false},"author":1,"featured_media":0,"parent":0,"menu_order":0,"comment_status":"closed","ping_status":"closed","template":"","meta":{"footnotes":""},"_links":{"self":[{"href":"https:\/\/doertita.achterliek.de\/index.php?rest_route=\/wp\/v2\/pages\/44"}],"collection":[{"href":"https:\/\/doertita.achterliek.de\/index.php?rest_route=\/wp\/v2\/pages"}],"about":[{"href":"https:\/\/doertita.achterliek.de\/index.php?rest_route=\/wp\/v2\/types\/page"}],"author":[{"embeddable":true,"href":"https:\/\/doertita.achterliek.de\/index.php?rest_route=\/wp\/v2\/users\/1"}],"replies":[{"embeddable":true,"href":"https:\/\/doertita.achterliek.de\/index.php?rest_route=%2Fwp%2Fv2%2Fcomments&post=44"}],"version-history":[{"count":5,"href":"https:\/\/doertita.achterliek.de\/index.php?rest_route=\/wp\/v2\/pages\/44\/revisions"}],"predecessor-version":[{"id":935,"href":"https:\/\/doertita.achterliek.de\/index.php?rest_route=\/wp\/v2\/pages\/44\/revisions\/935"}],"wp:attachment":[{"href":"https:\/\/doertita.achterliek.de\/index.php?rest_route=%2Fwp%2Fv2%2Fmedia&parent=44"}],"curies":[{"name":"wp","href":"https:\/\/api.w.org\/{rel}","templated":true}]}}