{"id":828,"date":"2019-12-04T11:32:15","date_gmt":"2019-12-04T10:32:15","guid":{"rendered":"https:\/\/doertita.achterliek.de\/?page_id=828"},"modified":"2019-12-04T11:32:27","modified_gmt":"2019-12-04T10:32:27","slug":"2019-2020","status":"publish","type":"page","link":"https:\/\/doertita.achterliek.de\/?page_id=828","title":{"rendered":"2019 \/ 2020"},"content":{"rendered":"<p style=\"color: rgb(0, 0, 0); font-family: Verdana; font-size: 12px; font-style: normal; font-variant-ligatures: normal; font-variant-caps: normal; font-weight: 400; letter-spacing: normal; orphans: 2; text-align: start; text-indent: 0px; text-transform: none; white-space: normal; widows: 2; word-spacing: 0px; -webkit-text-stroke-width: 0px; text-decoration-style: initial; text-decoration-color: initial; margin-bottom: 11px;\"><span style=\"font-size:11pt; line-height:22px;\"><span style=\"line-height:15.6933px;\"><span style=\"font-family:Calibri,sans-serif;\"><span style=\"font-size:14pt; line-height:28px;\"><span style=\"line-height:19.9733px;\"><span>Start Saison<span> <\/span><a href=\"tel:+4920192020\" style=\"color: rgb(0, 120, 215);\">2019\/2020<\/a><\/span><\/span><\/span><\/span><\/span><\/span><\/p>\n<p style=\"color: rgb(0, 0, 0); font-family: Verdana; font-size: 12px; font-style: normal; font-variant-ligatures: normal; font-variant-caps: normal; font-weight: 400; letter-spacing: normal; orphans: 2; text-align: start; text-indent: 0px; text-transform: none; white-space: normal; widows: 2; word-spacing: 0px; -webkit-text-stroke-width: 0px; text-decoration-style: initial; text-decoration-color: initial; margin-bottom: 11px;\"><span style=\"font-size:11pt; line-height:22px;\"><span style=\"line-height:15.6933px;\"><span style=\"font-family:Calibri,sans-serif;\"><span style=\"font-size:12pt; line-height:24px;\"><span style=\"line-height:17.12px;\">Liebe Segelfreunde<\/span><\/span><\/span><\/span><\/span><\/p>\n<p style=\"color: rgb(0, 0, 0); font-family: Verdana; font-size: 12px; font-style: normal; font-variant-ligatures: normal; font-variant-caps: normal; font-weight: 400; letter-spacing: normal; orphans: 2; text-align: start; text-indent: 0px; text-transform: none; white-space: normal; widows: 2; word-spacing: 0px; -webkit-text-stroke-width: 0px; text-decoration-style: initial; text-decoration-color: initial; margin-bottom: 11px;\"><span style=\"font-size:11pt; line-height:22px;\"><span style=\"line-height:15.6933px;\"><span style=\"font-family:Calibri,sans-serif;\"><span style=\"font-size:12pt; line-height:24px;\"><span style=\"line-height:17.12px;\">Am Freitag den 06.12.19 steige ich in den Flieger nach Trinidad zur D\u00f6rtita.<\/span><\/span><\/span><\/span><\/span><\/p>\n<p style=\"color: rgb(0, 0, 0); font-family: Verdana; font-size: 12px; font-style: normal; font-variant-ligatures: normal; font-variant-caps: normal; font-weight: 400; letter-spacing: normal; orphans: 2; text-align: start; text-indent: 0px; text-transform: none; white-space: normal; widows: 2; word-spacing: 0px; -webkit-text-stroke-width: 0px; text-decoration-style: initial; text-decoration-color: initial; margin-bottom: 11px;\"><span style=\"font-size:11pt; line-height:22px;\"><span style=\"line-height:15.6933px;\"><span style=\"font-family:Calibri,sans-serif;\"><span style=\"font-size:12pt; line-height:24px;\"><span style=\"line-height:17.12px;\"><span>Ich habe einen vielseitigen Sommer in Deutschland und umzu verbracht. Es standen lange Fahrradtouren im Programm, unter anderem eine Reise mit Porky und Ditmar bis nach Prag. Mit meiner alten BMW R80GS habe ich \u00fcber<span> <\/span><a href=\"tel:+4910000\" style=\"color: rgb(0, 120, 215);\">10000<\/a>km zur\u00fcckgelegt. Eine Tour ging durch die Schweiz und \u00d6sterreich \u00fcber etliche Alpenp\u00e4sse. Dabei habe ich viele Freunde besucht. Mit Artur machte ich eine Reise bis Rum\u00e4nien und Moldawien.<\/span><\/span><\/span><\/span><\/span><\/span><\/p>\n<p style=\"color: rgb(0, 0, 0); font-family: Verdana; font-size: 12px; font-style: normal; font-variant-ligatures: normal; font-variant-caps: normal; font-weight: 400; letter-spacing: normal; orphans: 2; text-align: start; text-indent: 0px; text-transform: none; white-space: normal; widows: 2; word-spacing: 0px; -webkit-text-stroke-width: 0px; text-decoration-style: initial; text-decoration-color: initial; margin-bottom: 11px;\"><span style=\"font-size:11pt; line-height:22px;\"><span style=\"line-height:15.6933px;\"><span style=\"font-family:Calibri,sans-serif;\"><span style=\"font-size:12pt; line-height:24px;\"><span style=\"line-height:17.12px;\">In Trinidad erwartet mich nun ca 10 Tage Arbeit am Boot bevor es wieder ins Wasser geht. Dann kommt der 90 SM lange Schlag nach Grenada -.<\/span><\/span><\/span><\/span><\/span><\/p>\n<p style=\"color: rgb(0, 0, 0); font-family: Verdana; font-size: 12px; font-style: normal; font-variant-ligatures: normal; font-variant-caps: normal; font-weight: 400; letter-spacing: normal; orphans: 2; text-align: start; text-indent: 0px; text-transform: none; white-space: normal; widows: 2; word-spacing: 0px; -webkit-text-stroke-width: 0px; text-decoration-style: initial; text-decoration-color: initial; margin-bottom: 11px;\"><span style=\"font-size:11pt; line-height:22px;\"><span style=\"line-height:15.6933px;\"><span style=\"font-family:Calibri,sans-serif;\"><span style=\"font-size:12pt; line-height:24px;\"><span style=\"line-height:17.12px;\">Daf\u00fcr habe ich leider niemanden gefunden der mich dabei unterst\u00fctzt. Aber ab dem 21.12.19 kommt die erste Crew an Bord. Von da geht es mit wechselnden Crews durch die Karibic bevor wir im April von St.Martin die R\u00fcckreise \u00fcber den Nordatlantic nach Hause starten.<\/span><\/span><\/span><\/span><\/span><\/p>\n<p style=\"color: rgb(0, 0, 0); font-family: Verdana; font-size: 12px; font-style: normal; font-variant-ligatures: normal; font-variant-caps: normal; font-weight: 400; letter-spacing: normal; orphans: 2; text-align: start; text-indent: 0px; text-transform: none; white-space: normal; widows: 2; word-spacing: 0px; -webkit-text-stroke-width: 0px; text-decoration-style: initial; text-decoration-color: initial; margin-bottom: 11px;\"><span style=\"font-size:11pt; line-height:22px;\"><span style=\"line-height:15.6933px;\"><span style=\"font-family:Calibri,sans-serif;\"><span style=\"font-size:12pt; line-height:24px;\"><span style=\"line-height:17.12px;\">Auch wenn ich keine Pl\u00e4tze mehr frei habe hier der T\u00f6rnplan.<\/span><\/span><\/span><\/span><\/span><\/p>\n<p style=\"color: rgb(0, 0, 0); font-family: Verdana; font-size: 12px; font-style: normal; font-variant-ligatures: normal; font-variant-caps: normal; font-weight: 400; letter-spacing: normal; orphans: 2; text-align: start; text-indent: 0px; text-transform: none; white-space: normal; widows: 2; word-spacing: 0px; -webkit-text-stroke-width: 0px; text-decoration-style: initial; text-decoration-color: initial; margin-bottom: 11px;\"><span style=\"font-size:11pt; line-height:22px;\"><span style=\"line-height:15.6933px;\"><span style=\"font-family:Calibri,sans-serif;\"><span style=\"font-size:12pt; line-height:24px;\"><span style=\"line-height:17.12px;\"><span>T\u00f6rn<span> <\/span><a href=\"tel:+491061219\" style=\"color: rgb(0, 120, 215);\">1. 06.12.19<\/a><span> <\/span>bis 21.12.19 Trinidad \u2013 Grenada<\/span><\/span><\/span><\/span><\/span><\/span><\/p>\n<p style=\"color: rgb(0, 0, 0); font-family: Verdana; font-size: 12px; font-style: normal; font-variant-ligatures: normal; font-variant-caps: normal; font-weight: 400; letter-spacing: normal; orphans: 2; text-align: start; text-indent: 0px; text-transform: none; white-space: normal; widows: 2; word-spacing: 0px; -webkit-text-stroke-width: 0px; text-decoration-style: initial; text-decoration-color: initial; margin-bottom: 11px;\"><span style=\"font-size:11pt; line-height:22px;\"><span style=\"line-height:15.6933px;\"><span style=\"font-family:Calibri,sans-serif;\"><span style=\"font-size:12pt; line-height:24px;\"><span style=\"line-height:17.12px;\"><span>T\u00f6rn<span> <\/span><a href=\"tel:+492211219\" style=\"color: rgb(0, 120, 215);\">2. 21.12.19<\/a><span> <\/span>bis 03.01.20 Grenada \u2013 Grenadinen \u2013 Grenada<\/span><\/span><\/span><\/span><\/span><\/span><\/p>\n<p style=\"color: rgb(0, 0, 0); font-family: Verdana; font-size: 12px; font-style: normal; font-variant-ligatures: normal; font-variant-caps: normal; font-weight: 400; letter-spacing: normal; orphans: 2; text-align: start; text-indent: 0px; text-transform: none; white-space: normal; widows: 2; word-spacing: 0px; -webkit-text-stroke-width: 0px; text-decoration-style: initial; text-decoration-color: initial; margin-bottom: 11px;\"><span style=\"font-size:11pt; line-height:22px;\"><span style=\"line-height:15.6933px;\"><span style=\"font-family:Calibri,sans-serif;\"><span style=\"font-size:12pt; line-height:24px;\"><span style=\"line-height:17.12px;\">T\u00f6rn 3. <span> <\/span><\/span><\/span><span lang=\"EN-US\" style=\"font-size:12pt; line-height:24px;\"><span style=\"line-height:17.12px;\">03.01.20 bis 25.01.20 Grenada \u2013 St.Vincent \u2013 St.Lucia \u2013 Martinique<\/span><\/span><\/span><\/span><\/span><\/p>\n<p style=\"color: rgb(0, 0, 0); font-family: Verdana; font-size: 12px; font-style: normal; font-variant-ligatures: normal; font-variant-caps: normal; font-weight: 400; letter-spacing: normal; orphans: 2; text-align: start; text-indent: 0px; text-transform: none; white-space: normal; widows: 2; word-spacing: 0px; -webkit-text-stroke-width: 0px; text-decoration-style: initial; text-decoration-color: initial; margin-bottom: 11px;\"><span style=\"font-size:11pt; line-height:22px;\"><span style=\"line-height:15.6933px;\"><span style=\"font-family:Calibri,sans-serif;\"><span lang=\"EN-US\" style=\"font-size:12pt; line-height:24px;\"><span style=\"line-height:17.12px;\"><span>T\u00f6rn<span> <\/span><a href=\"tel:+494250120\" style=\"color: rgb(0, 120, 215);\">4. 25.01.20<\/a><span> <\/span>bis 15.02.20 Martinique \u2013 Dominica \u2013 Guadeloupe<\/span><\/span><\/span><\/span><\/span><\/span><\/p>\n<p style=\"color: rgb(0, 0, 0); font-family: Verdana; font-size: 12px; font-style: normal; font-variant-ligatures: normal; font-variant-caps: normal; font-weight: 400; letter-spacing: normal; orphans: 2; text-align: start; text-indent: 0px; text-transform: none; white-space: normal; widows: 2; word-spacing: 0px; -webkit-text-stroke-width: 0px; text-decoration-style: initial; text-decoration-color: initial; margin-bottom: 11px;\"><span style=\"font-size:11pt; line-height:22px;\"><span style=\"line-height:15.6933px;\"><span style=\"font-family:Calibri,sans-serif;\"><span lang=\"EN-US\" style=\"font-size:12pt; line-height:24px;\"><span style=\"line-height:17.12px;\"><span>T\u00f6rn<span> <\/span><a href=\"tel:+495150220\" style=\"color: rgb(0, 120, 215);\">5. 15.02.20<\/a><span> <\/span>bis 07.03.20 Guadeloupe \u2013 Antigua \u2013 Montserat \u2013 St.Kitts\/Nevis \u2013 Statia \u2013 St.Martin<\/span><\/span><\/span><\/span><\/span><\/span><\/p>\n<p style=\"color: rgb(0, 0, 0); font-family: Verdana; font-size: 12px; font-style: normal; font-variant-ligatures: normal; font-variant-caps: normal; font-weight: 400; letter-spacing: normal; orphans: 2; text-align: start; text-indent: 0px; text-transform: none; white-space: normal; widows: 2; word-spacing: 0px; -webkit-text-stroke-width: 0px; text-decoration-style: initial; text-decoration-color: initial; margin-bottom: 11px;\"><span style=\"font-size:11pt; line-height:22px;\"><span style=\"line-height:15.6933px;\"><span style=\"font-family:Calibri,sans-serif;\"><span lang=\"EN-US\" style=\"font-size:12pt; line-height:24px;\"><span style=\"line-height:17.12px;\"><span>T\u00f6rn<span> <\/span><a href=\"tel:+496070320\" style=\"color: rgb(0, 120, 215);\">6. 07.03.20<\/a><span> <\/span>bis 28.03.20 St.Martin \u2013 Anguila \u2013 St.Barth \u2013 St.Martin<\/span><\/span><\/span><\/span><\/span><\/span><\/p>\n<p style=\"color: rgb(0, 0, 0); font-family: Verdana; font-size: 12px; font-style: normal; font-variant-ligatures: normal; font-variant-caps: normal; font-weight: 400; letter-spacing: normal; orphans: 2; text-align: start; text-indent: 0px; text-transform: none; white-space: normal; widows: 2; word-spacing: 0px; -webkit-text-stroke-width: 0px; text-decoration-style: initial; text-decoration-color: initial; margin-bottom: 11px;\"><span style=\"font-size:11pt; line-height:22px;\"><span style=\"line-height:15.6933px;\"><span style=\"font-family:Calibri,sans-serif;\"><span lang=\"EN-US\" style=\"font-size:12pt; line-height:24px;\"><span style=\"line-height:17.12px;\"><span>T\u00f6rn<span> <\/span><a href=\"tel:+497280320\" style=\"color: rgb(0, 120, 215);\">7. 28.03.20<\/a><span> <\/span>bis 11.04.20 St.Martin \u2013 St.Barth \u2013 St.Martin<\/span><\/span><\/span><\/span><\/span><\/span><\/p>\n<p style=\"color: rgb(0, 0, 0); font-family: Verdana; font-size: 12px; font-style: normal; font-variant-ligatures: normal; font-variant-caps: normal; font-weight: 400; letter-spacing: normal; orphans: 2; text-align: start; text-indent: 0px; text-transform: none; white-space: normal; widows: 2; word-spacing: 0px; -webkit-text-stroke-width: 0px; text-decoration-style: initial; text-decoration-color: initial; margin-bottom: 11px;\"><span style=\"font-size:11pt; line-height:22px;\"><span style=\"line-height:15.6933px;\"><span style=\"font-family:Calibri,sans-serif;\"><span lang=\"EN-US\" style=\"font-size:12pt; line-height:24px;\"><span style=\"line-height:17.12px;\"><span>T\u00f6rn<span> <\/span><a href=\"tel:+498110520\" style=\"color: rgb(0, 120, 215);\">8. 11.05.20<\/a><span> <\/span>bis 02.05.20 St.Martin &#8211; Horta\/Azoren<\/span><\/span><\/span><\/span><\/span><\/span><\/p>\n<p style=\"color: rgb(0, 0, 0); font-family: Verdana; font-size: 12px; font-style: normal; font-variant-ligatures: normal; font-variant-caps: normal; font-weight: 400; letter-spacing: normal; orphans: 2; text-align: start; text-indent: 0px; text-transform: none; white-space: normal; widows: 2; word-spacing: 0px; -webkit-text-stroke-width: 0px; text-decoration-style: initial; text-decoration-color: initial; margin-bottom: 11px;\"><span style=\"font-size:11pt; line-height:22px;\"><span style=\"line-height:15.6933px;\"><span style=\"font-family:Calibri,sans-serif;\"><span style=\"font-size:12pt; line-height:24px;\"><span style=\"line-height:17.12px;\"><span>T\u00f6rn<span> <\/span><a href=\"tel:+499020520\" style=\"color: rgb(0, 120, 215);\">9. 02.05.20<\/a><span> <\/span>bis 16.05.20 Azoren bis Tercera<\/span><\/span><\/span><\/span><\/span><\/span><\/p>\n<p style=\"color: rgb(0, 0, 0); font-family: Verdana; font-size: 12px; font-style: normal; font-variant-ligatures: normal; font-variant-caps: normal; font-weight: 400; letter-spacing: normal; orphans: 2; text-align: start; text-indent: 0px; text-transform: none; white-space: normal; widows: 2; word-spacing: 0px; -webkit-text-stroke-width: 0px; text-decoration-style: initial; text-decoration-color: initial; margin-bottom: 11px;\"><span style=\"font-size:11pt; line-height:22px;\"><span style=\"line-height:15.6933px;\"><span style=\"font-family:Calibri,sans-serif;\"><span style=\"font-size:12pt; line-height:24px;\"><span style=\"line-height:17.12px;\"><span>T\u00f6rn<span> <\/span><a href=\"tel:+4910160520\" style=\"color: rgb(0, 120, 215);\">10. 16.05.20<\/a><span> <\/span>bis 06.06.20 Azoren &#8211; Bremerhaven<\/span><\/span><\/span><\/span><\/span><\/span><\/p>\n<p style=\"color: rgb(0, 0, 0); font-family: Verdana; font-size: 12px; font-style: normal; font-variant-ligatures: normal; font-variant-caps: normal; font-weight: 400; letter-spacing: normal; orphans: 2; text-align: start; text-indent: 0px; text-transform: none; white-space: normal; widows: 2; word-spacing: 0px; -webkit-text-stroke-width: 0px; text-decoration-style: initial; text-decoration-color: initial; margin-bottom: 11px;\"><span style=\"font-size:11pt; line-height:22px;\"><span style=\"line-height:15.6933px;\"><span style=\"font-family:Calibri,sans-serif;\"><span style=\"font-size:12pt; line-height:24px;\"><span style=\"line-height:17.12px;\">Ich werde zwischendurch wieder Kurzberichte schicken.<\/span><\/span><\/span><\/span><\/span><\/p>\n<p style=\"color: rgb(0, 0, 0); font-family: Verdana; font-size: 12px; font-style: normal; font-variant-ligatures: normal; font-variant-caps: normal; font-weight: 400; letter-spacing: normal; orphans: 2; text-align: start; text-indent: 0px; text-transform: none; white-space: normal; widows: 2; word-spacing: 0px; -webkit-text-stroke-width: 0px; text-decoration-style: initial; text-decoration-color: initial; margin-bottom: 11px;\"><span style=\"font-size:11pt; line-height:22px;\"><span style=\"line-height:15.6933px;\"><span style=\"font-family:Calibri,sans-serif;\"><span style=\"font-size:12pt; line-height:24px;\"><span style=\"line-height:17.12px;\">Ich w\u00fcnsche euch schon mal eine sch\u00f6ne Weihnachtszeit und einen guten Rutsch ins neue Jahr.<\/span><\/span><\/span><\/span><\/span><\/p>\n<p style=\"color: rgb(0, 0, 0); font-family: Verdana; font-size: 12px; font-style: normal; font-variant-ligatures: normal; font-variant-caps: normal; font-weight: 400; letter-spacing: normal; orphans: 2; text-align: start; text-indent: 0px; text-transform: none; white-space: normal; widows: 2; word-spacing: 0px; -webkit-text-stroke-width: 0px; text-decoration-style: initial; text-decoration-color: initial; margin-bottom: 11px;\"><span style=\"font-size:11pt; line-height:22px;\"><span style=\"line-height:15.6933px;\"><span style=\"font-family:Calibri,sans-serif;\"><span style=\"font-size:12pt; line-height:24px;\"><span style=\"line-height:17.12px;\">Heiner<\/span><\/span><\/span><\/span><\/span><\/p>\n","protected":false},"excerpt":{"rendered":"<p>Start Saison 2019\/2020 Liebe Segelfreunde Am Freitag den 06.12.19 steige ich in den Flieger nach Trinidad zur D\u00f6rtita. Ich habe einen vielseitigen Sommer in Deutschland und umzu verbracht. Es standen&#8230; <a href=\"https:\/\/doertita.achterliek.de\/?page_id=828\">Read more &raquo;<\/a><\/p>\n","protected":false},"author":1,"featured_media":0,"parent":0,"menu_order":0,"comment_status":"open","ping_status":"closed","template":"","meta":{"footnotes":""},"_links":{"self":[{"href":"https:\/\/doertita.achterliek.de\/index.php?rest_route=\/wp\/v2\/pages\/828"}],"collection":[{"href":"https:\/\/doertita.achterliek.de\/index.php?rest_route=\/wp\/v2\/pages"}],"about":[{"href":"https:\/\/doertita.achterliek.de\/index.php?rest_route=\/wp\/v2\/types\/page"}],"author":[{"embeddable":true,"href":"https:\/\/doertita.achterliek.de\/index.php?rest_route=\/wp\/v2\/users\/1"}],"replies":[{"embeddable":true,"href":"https:\/\/doertita.achterliek.de\/index.php?rest_route=%2Fwp%2Fv2%2Fcomments&post=828"}],"version-history":[{"count":1,"href":"https:\/\/doertita.achterliek.de\/index.php?rest_route=\/wp\/v2\/pages\/828\/revisions"}],"predecessor-version":[{"id":829,"href":"https:\/\/doertita.achterliek.de\/index.php?rest_route=\/wp\/v2\/pages\/828\/revisions\/829"}],"wp:attachment":[{"href":"https:\/\/doertita.achterliek.de\/index.php?rest_route=%2Fwp%2Fv2%2Fmedia&parent=828"}],"curies":[{"name":"wp","href":"https:\/\/api.w.org\/{rel}","templated":true}]}}