{"id":927,"date":"2022-11-07T12:37:39","date_gmt":"2022-11-07T11:37:39","guid":{"rendered":"https:\/\/doertita.achterliek.de\/?page_id=927"},"modified":"2022-11-07T20:43:30","modified_gmt":"2022-11-07T19:43:30","slug":"2023-2","status":"publish","type":"page","link":"https:\/\/doertita.achterliek.de\/?page_id=927","title":{"rendered":"2023"},"content":{"rendered":"\n<p>Vorl\u00e4ufiger T\u00f6rnplan 2023<\/p>\n\n\n\n<p>Liebe Segelfreunde<\/p>\n\n\n\n<p>In diesem Jahr soll es zun\u00e4chst entlang der deutschen und holl\u00e4ndischen K\u00fcste bis Den Helder gehen. Anschlie\u00dfend an der englischen Ostk\u00fcste bis Inverness. Weiter geht es durch den Caledonian Chanel mit Loch Ness zu den irischen Wiskyinseln und bis Glasgow. Der n\u00e4chste T\u00f6rn geht durch die irische See \u00fcber Nordirland und der Isle of Man bis Dublin. Nach einer Pause &nbsp;geht es weiter an der irischen S\u00fcdk\u00fcste und danach auf den langen Schlag \u00fcber die Biscaya nach Nordspanien. Der n\u00e4chste T\u00f6rn f\u00fchrt entlang der spanischen und portugiesischen K\u00fcste bis Lissabon. Der letzte T\u00f6rn geht an die Algarve und bis Chipiona an der M\u00fcndung des Guadalquivir wo die Sommerreise endet.<\/p>\n\n\n\n<p><strong>T\u00f6rn 1<\/strong>, 245 Sm, von: Do. 25.05. bis Sa. 03.06. 10 Tage Bremerhaven &#8211; Helgoland &#8211; Norderney &#8211; Borkum &#8211; Vlieland &#8211; Den Helder<\/p>\n\n\n\n<p><br><strong>T\u00f6rn 2<\/strong>, 550 Sm, von: Sa. 03.06. bis Sa. 17.06. 2 Wochen Den Helder &#8211; englische Ostk\u00fcste &#8211; Edinburgh &#8211; Aberdeen &#8211; Inverness<br><\/p>\n\n\n\n<p><strong>T\u00f6rn 3<\/strong>, 270 Sm, von: Sa. 17.06. bis Sa. 01.07. 2 Wochen Inverness &#8211; Caledonian Channel -Oban -Inseln Mull, Call, Islay, Jura &#8211; Crinan Channel &#8211; Glasgow<br><\/p>\n\n\n\n<p><strong>T\u00f6rn 4<\/strong>, 285 Sm, von: Sa. 01.07. bis Sa. 15.07. 2 Wochen Glasgow &#8211; Cambeltown &#8211; Belfast &#8211; Isle of Man -Dublin<br><\/p>\n\n\n\n<p><strong>Vom 16.07. bis 26.07. Pause<\/strong><br><\/p>\n\n\n\n<p><strong>T\u00f6rn 5<\/strong>, 240 Sm, von: Do. 27.07. bis Sa. 05.08. 10 Tage Dublin &#8211; Irische Ostk\u00fcste &#8211; Cork<br><\/p>\n\n\n\n<p><strong>T\u00f6rn 6<\/strong>, 550 Sm, von: Sa. 05.08. bis Sa. 19.08. 2 Wochen Cork &#8211; Kinsale &#8211; Biscaya -Nordspanien -A Coruna<br><\/p>\n\n\n\n<p><strong>T\u00f6rn 7<\/strong>, 350 Sm, von: Sa. 19.08. bis Sa. 02.09. 2 Wochen A Coruna &#8211; Vigo &#8211; Bayona &#8211; Viana de Castello -Porto &#8211; Lissabon <br><\/p>\n\n\n\n<p><strong>T\u00f6rn 8<\/strong>, 250 Sm, von: Sa. 02.09. bis Sa. 16.09. 2 Wochen Lissabon &#8211; Sines &#8211; Lagos &#8211; Algarve Chipiona<\/p>\n\n\n\n<p>Wie es danach weiter geht werde ich im Laufe des Jahres entscheiden.<\/p>\n\n\n\n<p>Auf allen T\u00f6rns ist gen\u00fcgend Zeit f\u00fcr Landausfl\u00fcge. Auch k\u00f6nnen die T\u00f6rns bei Verf\u00fcgbarkeit geteilt oder zusammengelegt werden.<\/p>\n\n\n\n<p>Die Daten k\u00f6nnen sich auch noch etwas \u00e4ndern (Flug und Anreisem\u00f6glichkeiten)<\/p>\n\n\n\n<p>Die ganze Reise kann ich nur durchf\u00fchren wenn ich f\u00fcr alle T\u00f6rns Mitsegler habe. Bedingungen wie gewohnt.<\/p>\n","protected":false},"excerpt":{"rendered":"<p>Vorl\u00e4ufiger T\u00f6rnplan 2023 Liebe Segelfreunde In diesem Jahr soll es zun\u00e4chst entlang der deutschen und holl\u00e4ndischen K\u00fcste bis Den Helder gehen. Anschlie\u00dfend an der englischen Ostk\u00fcste bis Inverness. Weiter geht&#8230; <a href=\"https:\/\/doertita.achterliek.de\/?page_id=927\">Read more &raquo;<\/a><\/p>\n","protected":false},"author":1,"featured_media":0,"parent":0,"menu_order":0,"comment_status":"closed","ping_status":"closed","template":"","meta":{"footnotes":""},"_links":{"self":[{"href":"https:\/\/doertita.achterliek.de\/index.php?rest_route=\/wp\/v2\/pages\/927"}],"collection":[{"href":"https:\/\/doertita.achterliek.de\/index.php?rest_route=\/wp\/v2\/pages"}],"about":[{"href":"https:\/\/doertita.achterliek.de\/index.php?rest_route=\/wp\/v2\/types\/page"}],"author":[{"embeddable":true,"href":"https:\/\/doertita.achterliek.de\/index.php?rest_route=\/wp\/v2\/users\/1"}],"replies":[{"embeddable":true,"href":"https:\/\/doertita.achterliek.de\/index.php?rest_route=%2Fwp%2Fv2%2Fcomments&post=927"}],"version-history":[{"count":5,"href":"https:\/\/doertita.achterliek.de\/index.php?rest_route=\/wp\/v2\/pages\/927\/revisions"}],"predecessor-version":[{"id":933,"href":"https:\/\/doertita.achterliek.de\/index.php?rest_route=\/wp\/v2\/pages\/927\/revisions\/933"}],"wp:attachment":[{"href":"https:\/\/doertita.achterliek.de\/index.php?rest_route=%2Fwp%2Fv2%2Fmedia&parent=927"}],"curies":[{"name":"wp","href":"https:\/\/api.w.org\/{rel}","templated":true}]}}