{"id":942,"date":"2023-10-29T20:37:42","date_gmt":"2023-10-29T19:37:42","guid":{"rendered":"https:\/\/doertita.achterliek.de\/?page_id=942"},"modified":"2023-10-29T20:37:42","modified_gmt":"2023-10-29T19:37:42","slug":"2024-2","status":"publish","type":"page","link":"https:\/\/doertita.achterliek.de\/?page_id=942","title":{"rendered":"2024"},"content":{"rendered":"\n<p>T\u00f6rnplan 2024<\/p>\n\n\n\n<p>Liebe Segelfreunde<\/p>\n\n\n\n<p>Die D\u00f6rtita liegt In Rochefort an der franz\u00f6sischen Biscaya.<\/p>\n\n\n\n<p>Ab Mai 2024 soll es von da an der bretonischen K\u00fcste entlang und durch den Golf von St.Malo mit den Kanalinseln bis Cherbourg gehen. Nach einer Pause soll es weiter an der franz\u00f6sischen K\u00fcste und \u00fcber Belgien und Holland zur\u00fcck nach Bremerhaven gehen.<\/p>\n\n\n\n<p>Es sollen diesmal in kurzen Tagest\u00f6rns viele H\u00e4fen und Inseln besucht werden. Auch sollen immer Hafentage dabei sein um die Inseln und Orte in Ruhe zu erkunden.<\/p>\n\n\n\n<p>Ich habe einen Gro\u00dfteil der Reise in 1 w\u00f6chige T\u00f6rns &nbsp;eingeteilt die nat\u00fcrlich zusammengelegt werden k\u00f6nnen. Auch k\u00f6nnen sich die Orte der Crewwechsel noch ver\u00e4ndern.<\/p>\n\n\n\n<p>Hier nun der vorl\u00e4ufige T\u00f6rnplan<\/p>\n\n\n\n<p>T\u00f6rn&nbsp;&nbsp; 1&nbsp;&nbsp; 04.05. bis 11.05.24&nbsp;&nbsp; Rochefort \u2013 La Rochelle<\/p>\n\n\n\n<p>T\u00f6rn&nbsp;&nbsp; 2&nbsp;&nbsp; 11.05. bis 18.05.24&nbsp;&nbsp; La Rochelle&nbsp; &#8211; Ile de Re \u2013 Les Sables d Olonne<\/p>\n\n\n\n<p>T\u00f6rn&nbsp;&nbsp; 3&nbsp;&nbsp; 18.05. bis 25.05.24&nbsp;&nbsp; Les Sables d Olonne \u2013 Ile d Yeu \u2013 L Herbaudiere<\/p>\n\n\n\n<p>T\u00f6rn&nbsp;&nbsp; 4&nbsp;&nbsp; 25.05. bis 01.06.24&nbsp;&nbsp; L Herbaudiere \u2013 Belle Ile \u2013 Port du Crouesty<\/p>\n\n\n\n<p>T\u00f6rn&nbsp;&nbsp; 5&nbsp;&nbsp; 01.06. bis 08.06.24&nbsp;&nbsp; Port du Crousty \u2013 Ile de Groix \u2013 Concarneau<\/p>\n\n\n\n<p>T\u00f6rn&nbsp;&nbsp; 6&nbsp;&nbsp; 08.06. bis 15.06.24&nbsp;&nbsp; Concarneau \u2013 Brest<\/p>\n\n\n\n<p>T\u00f6rn&nbsp;&nbsp; 7&nbsp;&nbsp; 15.06. bis 22.06.24&nbsp;&nbsp; Brest \u2013 Roscoff<\/p>\n\n\n\n<p>T\u00f6rn&nbsp;&nbsp; 8&nbsp;&nbsp; 22.06. bis 29-06.24&nbsp;&nbsp; Roscoff \u2013 St. Malo<\/p>\n\n\n\n<p>T\u00f6rn&nbsp; &nbsp;9&nbsp;&nbsp; 29.06. bis 06.07.24&nbsp;&nbsp; St.Malo \u2013 Guernsey<\/p>\n\n\n\n<p>T\u00f6rn 10&nbsp;&nbsp; 06.07. bis 13.07.24&nbsp;&nbsp; Guernsey \u2013 Alderney \u2013 Cherbourg<\/p>\n\n\n\n<p>Vom 14.07. bis 29.07 bin ich zu Hause und die D\u00f6rtita liegt in Cherbourg. F\u00fcr diese Zeit biete ich die D\u00f6rtita als Feriendomizil an.<\/p>\n\n\n\n<p>T\u00f6rn&nbsp; 11&nbsp; &nbsp;30.07. bis 10.08.24&nbsp;&nbsp; Cherbourg &#8211;&nbsp; Le Havre<\/p>\n\n\n\n<p>T\u00f6rn&nbsp; 12&nbsp;&nbsp; 10.08. bis 17.08.24&nbsp;&nbsp; Le Havre \u2013 Vlissingen<\/p>\n\n\n\n<p>T\u00f6rn&nbsp; 13&nbsp;&nbsp; 17.08. bis 24.08.24&nbsp;&nbsp; Vlissingen \u2013 Den Helder<\/p>\n\n\n\n<p>T\u00f6rn&nbsp; 14&nbsp;&nbsp; 24.08. bis 31.08.24&nbsp;&nbsp; Den Helder \u2013 Emden<\/p>\n\n\n\n<p>T\u00f6rn&nbsp; 15&nbsp;&nbsp; 31.08- bis 07.09.24&nbsp;&nbsp; Emden \u2013 Bremerhaven<\/p>\n\n\n\n<p>Bedingungen wie immer.<\/p>\n","protected":false},"excerpt":{"rendered":"<p>T\u00f6rnplan 2024 Liebe Segelfreunde Die D\u00f6rtita liegt In Rochefort an der franz\u00f6sischen Biscaya. Ab Mai 2024 soll es von da an der bretonischen K\u00fcste entlang und durch den Golf von&#8230; <a href=\"https:\/\/doertita.achterliek.de\/?page_id=942\">Read more &raquo;<\/a><\/p>\n","protected":false},"author":1,"featured_media":0,"parent":0,"menu_order":0,"comment_status":"closed","ping_status":"closed","template":"","meta":{"footnotes":""},"_links":{"self":[{"href":"https:\/\/doertita.achterliek.de\/index.php?rest_route=\/wp\/v2\/pages\/942"}],"collection":[{"href":"https:\/\/doertita.achterliek.de\/index.php?rest_route=\/wp\/v2\/pages"}],"about":[{"href":"https:\/\/doertita.achterliek.de\/index.php?rest_route=\/wp\/v2\/types\/page"}],"author":[{"embeddable":true,"href":"https:\/\/doertita.achterliek.de\/index.php?rest_route=\/wp\/v2\/users\/1"}],"replies":[{"embeddable":true,"href":"https:\/\/doertita.achterliek.de\/index.php?rest_route=%2Fwp%2Fv2%2Fcomments&post=942"}],"version-history":[{"count":1,"href":"https:\/\/doertita.achterliek.de\/index.php?rest_route=\/wp\/v2\/pages\/942\/revisions"}],"predecessor-version":[{"id":943,"href":"https:\/\/doertita.achterliek.de\/index.php?rest_route=\/wp\/v2\/pages\/942\/revisions\/943"}],"wp:attachment":[{"href":"https:\/\/doertita.achterliek.de\/index.php?rest_route=%2Fwp%2Fv2%2Fmedia&parent=942"}],"curies":[{"name":"wp","href":"https:\/\/api.w.org\/{rel}","templated":true}]}}